{"id":1156,"date":"2017-08-04T13:29:00","date_gmt":"2017-08-04T11:29:00","guid":{"rendered":"https:\/\/frjournal.eu\/journal\/?page_id=1156"},"modified":"2024-04-08T10:28:29","modified_gmt":"2024-04-08T08:28:29","slug":"editorial-board","status":"publish","type":"page","link":"https:\/\/frjournal.eu\/journal\/editorial-board\/","title":{"rendered":"Editorial Board"},"content":{"rendered":"<div  class=\"fusion-fullwidth fullwidth-box fusion-blend-mode nonhundred-percent-fullwidth\"  style='background-color: rgba(255,255,255,0);background-position: center center;background-repeat: no-repeat;padding-top:0px;padding-right:0px;padding-bottom:0px;padding-left:0px;margin-bottom: 40px;'><div class=\"fusion-builder-row fusion-row \"><div  class=\"fusion-layout-column fusion_builder_column fusion_builder_column_1_2  fusion-one-half fusion-column-first 1_2\"  style='margin-top:0px;margin-bottom:20px;width:50%;width:calc(50% - ( ( 4% ) * 0.5 ) );margin-right: 4%;'>\n\t\t\t\t\t<div class=\"fusion-column-wrapper\" style=\"background-position:left top;background-repeat:no-repeat;-webkit-background-size:cover;-moz-background-size:cover;-o-background-size:cover;background-size:cover;\"  data-bg-url=\"\">\n\t\t\t\t\t\t<div class=\"fusion-title title sep-underline sep-solid fusion-title-size-three editorial-title\" style=\"border-bottom-color:#e0dede;margin-top:0px;margin-bottom:2%;\"><h3 class=\"title-heading-left\">EDITOR<\/h3><\/div><h3>Francesco Avallone<br \/>\n<span style=\"color: #4566b1\">University of Genoa<\/span><\/h3>\n<h3>Cristina Florio<br \/>\n<span style=\"color: #4566b1\">University of Verona<\/span><\/h3>\n<h3>Francesco Mazzi<br \/>\n<span style=\"color: #4566b1\">University of Florence<\/span><\/h3>\n<div class=\"fusion-clearfix\"><\/div>\n\n\t\t\t\t\t<\/div>\n\t\t\t\t<\/div><div  class=\"fusion-layout-column fusion_builder_column fusion_builder_column_1_2  fusion-one-half fusion-column-last 1_2\"  style='margin-top:40px;margin-bottom:20px;width:50%;width:calc(50% - ( ( 4% ) * 0.5 ) );'>\n\t\t\t\t\t<div class=\"fusion-column-wrapper\" style=\"background-position:left top;background-repeat:no-repeat;-webkit-background-size:cover;-moz-background-size:cover;-o-background-size:cover;background-size:cover;\"  data-bg-url=\"\">\n\t\t\t\t\t\t<div class=\"fusion-clearfix\"><\/div>\n\n\t\t\t\t\t<\/div>\n\t\t\t\t<\/div><\/div><\/div><div  class=\"fusion-fullwidth fullwidth-box fusion-blend-mode nonhundred-percent-fullwidth\"  style='background-color: rgba(255,255,255,0);background-position: center center;background-repeat: no-repeat;padding-top:0px;padding-right:0px;padding-bottom:0px;padding-left:0px;margin-bottom: 40px;'><div class=\"fusion-builder-row fusion-row \"><div  class=\"fusion-layout-column fusion_builder_column fusion_builder_column_1_2  fusion-one-half fusion-column-first 1_2\"  style='margin-top:0px;margin-bottom:20px;width:50%;width:calc(50% - ( ( 4% ) * 0.5 ) );margin-right: 4%;'>\n\t\t\t\t\t<div class=\"fusion-column-wrapper\" style=\"background-position:left top;background-repeat:no-repeat;-webkit-background-size:cover;-moz-background-size:cover;-o-background-size:cover;background-size:cover;\"  data-bg-url=\"\">\n\t\t\t\t\t\t<div class=\"fusion-title title sep-underline sep-solid fusion-title-size-three editorial-title\" style=\"border-bottom-color:#e0dede;margin-top:0px;margin-bottom:2%;\"><h3 class=\"title-heading-left\">EDITORIAL MANAGERS<\/h3><\/div><h3>Michela Cordazzo<br \/>\n<span style=\"color: #4566b1\">Ca\u2019 Foscari University of Venice<\/span><\/h3>\n<h3>Laura Bini<br \/>\n<span style=\"color: #4566b1\">University of Florence<\/span><\/h3>\n<h3>Riccardo Cimini<br \/>\n<span style=\"color: #4566b1\">Tuscia University<\/span><\/h3>\n<div class=\"fusion-clearfix\"><\/div>\n\n\t\t\t\t\t<\/div>\n\t\t\t\t<\/div><div  class=\"fusion-layout-column fusion_builder_column fusion_builder_column_1_2  fusion-one-half fusion-column-last 1_2\"  style='margin-top:40px;margin-bottom:20px;width:50%;width:calc(50% - ( ( 4% ) * 0.5 ) );'>\n\t\t\t\t\t<div class=\"fusion-column-wrapper\" style=\"background-position:left top;background-repeat:no-repeat;-webkit-background-size:cover;-moz-background-size:cover;-o-background-size:cover;background-size:cover;\"  data-bg-url=\"\">\n\t\t\t\t\t\t<h3>Pierluigi Marchini<br \/>\n<span style=\"color: #4566b1\">University of Parma<\/span><\/h3>\n<h3>Paola Ramassa<br \/>\n<span style=\"color: #4566b1\">University of Genoa<\/span><\/h3>\n<h3>Monica Veneziani<br \/>\n<span style=\"color: #4566b1\">University of Brescia<\/span><\/h3>\n<div class=\"fusion-clearfix\"><\/div>\n\n\t\t\t\t\t<\/div>\n\t\t\t\t<\/div><\/div><\/div><div  class=\"fusion-fullwidth fullwidth-box fusion-blend-mode nonhundred-percent-fullwidth\"  style='background-color: rgba(255,255,255,0);background-position: center center;background-repeat: no-repeat;padding-top:0px;padding-right:0px;padding-bottom:0px;padding-left:0px;margin-bottom: 40px;'><div class=\"fusion-builder-row fusion-row \"><div  class=\"fusion-layout-column fusion_builder_column fusion_builder_column_1_2  fusion-one-half fusion-column-first 1_2\"  style='margin-top:0px;margin-bottom:20px;width:50%;width:calc(50% - ( ( 4% ) * 0.5 ) );margin-right: 4%;'>\n\t\t\t\t\t<div class=\"fusion-column-wrapper\" style=\"background-position:left top;background-repeat:no-repeat;-webkit-background-size:cover;-moz-background-size:cover;-o-background-size:cover;background-size:cover;\"  data-bg-url=\"\">\n\t\t\t\t\t\t<div class=\"fusion-title title sep-underline sep-solid fusion-title-size-three editorial-title\" style=\"border-bottom-color:#e0dede;margin-top:0px;margin-bottom:2%;\"><h3 class=\"title-heading-left\">ADVISORY BOARD<\/h3><\/div><h3>Paolo Andrei<br \/>\n<span style=\"color: #4566b1\">University of Parma<\/span><\/h3>\n<h3>Fabrizio Cerbioni<br \/>\n<span style=\"color: #4566b1\">University of Padua<\/span><\/h3>\n<h3>Francesco Giunta<br \/>\n<span style=\"color: #4566b1\">University of Florence<\/span><\/h3>\n<h3>Alessandro Lai<br \/>\n<span style=\"color: #4566b1\">University of Verona<\/span><\/h3>\n<h3>Alessandro Mechelli<br \/>\n<span style=\"color: #4566b1\">Tor Vergata University of Rome<\/span><\/h3>\n<div class=\"fusion-clearfix\"><\/div>\n\n\t\t\t\t\t<\/div>\n\t\t\t\t<\/div><div  class=\"fusion-layout-column fusion_builder_column fusion_builder_column_1_2  fusion-one-half fusion-column-last 1_2\"  style='margin-top:40px;margin-bottom:20px;width:50%;width:calc(50% - ( ( 4% ) * 0.5 ) );'>\n\t\t\t\t\t<div class=\"fusion-column-wrapper\" style=\"background-position:left top;background-repeat:no-repeat;-webkit-background-size:cover;-moz-background-size:cover;-o-background-size:cover;background-size:cover;\"  data-bg-url=\"\">\n\t\t\t\t\t\t<h3>Michele Pizzo<br \/>\n<span style=\"color: #4566b1\">University of of Campania &#8220;Luigi Vanvitelli&#8221;<\/span><\/h3>\n<h3>Alberto Quagli<br \/>\n<span style=\"color: #4566b1\">University of Genoa<\/span><\/h3>\n<h3>Claudio Teodori<br \/>\n<span style=\"color: #4566b1\">University of Brescia<\/span><\/h3>\n<h3>Stefano Zambon<br \/>\n<span style=\"color: #4566b1\">University of Ferrara<\/span><\/h3>\n<div class=\"fusion-clearfix\"><\/div>\n\n\t\t\t\t\t<\/div>\n\t\t\t\t<\/div><\/div><\/div><div  class=\"fusion-fullwidth fullwidth-box fusion-blend-mode nonhundred-percent-fullwidth\"  style='background-color: rgba(255,255,255,0);background-position: center center;background-repeat: no-repeat;padding-top:0px;padding-right:0px;padding-bottom:0px;padding-left:0px;margin-bottom: 40px;'><div class=\"fusion-builder-row fusion-row \"><div  class=\"fusion-layout-column fusion_builder_column fusion_builder_column_1_2  fusion-one-half fusion-column-first 1_2\"  style='margin-top:0px;margin-bottom:20px;width:50%;width:calc(50% - ( ( 4% ) * 0.5 ) );margin-right: 4%;'>\n\t\t\t\t\t<div class=\"fusion-column-wrapper\" style=\"background-position:left top;background-repeat:no-repeat;-webkit-background-size:cover;-moz-background-size:cover;-o-background-size:cover;background-size:cover;\"  data-bg-url=\"\">\n\t\t\t\t\t\t<div class=\"fusion-title title sep-underline sep-solid fusion-title-size-three editorial-title\" style=\"border-bottom-color:#e0dede;margin-top:0px;margin-bottom:2%;\"><h3 class=\"title-heading-left\">MEMBERS OF THE EDITORIAL BOARD<\/h3><\/div><h3>David Alexander<br \/>\n<span style=\"color: #4566b1\">The Birmingham Business School<\/span><\/h3>\n<h3>Marco Allegrini<br \/>\n<span style=\"color: #4566b1\">University of Pisa<\/span><\/h3>\n<h3>Claudia Arena<br \/>\n<span style=\"color: #4566b1\">University of Naples Federico II<\/span><\/h3>\n<h3>Stefano Azzali<br \/>\n<span style=\"color: #4566b1\">University of Parma<\/span><\/h3>\n<h3>Richard Barker<br \/>\n<span style=\"color: #4566b1\">University of Oxford<\/span><\/h3>\n<h3>Massimiliano Bonacchi<br \/>\n<span style=\"color: #4566b1\">Free University of Bolzano<\/span><\/h3>\n<h3>Saverio Bozzolan<br \/>\n<span style=\"color: #4566b1\">University G. Carli &#8211; Luiss Rome<\/span><\/h3>\n<h3>Willem Buijink<br \/>\n<span style=\"color: #4566b1\">Tilburg University<\/span><\/h3>\n<h3>Francesco Capalbo<br \/>\n<span style=\"color: #4566b1\">University of Molise<\/span><\/h3>\n<h3>Lino Cinquini<br \/>\n<span style=\"color: #4566b1\">Scuola Superiore Sant&#8217;Anna, Pisa<\/span><\/h3>\n<h3>Concetta Carnevale<br \/>\n<span style=\"color: #4566b1\">University of Calabria<\/span><\/h3>\n<h3>Chiara Crovini<br \/>\n<span style=\"color: #4566b1\">Aalborg University Business School<\/span><\/h3>\n<h3>Eugenio D&#8217;Amico<br \/>\n<span style=\"color: #4566b1\">University of Rome III<\/span><\/h3>\n<h3>Anne D&#8217;Arcy<br \/>\n<span style=\"color: #4566b1\">Wien University of Economics and Business<\/span><\/h3>\n<h3>Lorenzo Dal Maso<br \/>\n<span style=\"color: #4566b1\">University of Bologna<\/span><\/h3>\n<h3>Pascale Delvaille<br \/>\n<span style=\"color: #4566b1\">University of Paris ESCP Europe<\/span><\/h3>\n<h3>Roberto Di Pietra<br \/>\n<span style=\"color: #4566b1\">University of Siena<\/span><\/h3>\n<h3>Raffaele Fiume<br \/>\n<span style=\"color: #4566b1\">Parthenope University of Naples<\/span><\/h3>\n<h3>Alessandro Gaetano<br \/>\n<span style=\"color: #4566b1\">University of Rome Tor Vergata<\/span><\/h3>\n<h3>Joachim Gassen<br \/>\n<span style=\"color: #4566b1\">Humboldt University Berlin<\/span><\/h3>\n<h3>Gunther Gebhardt<br \/>\n<span style=\"color: #4566b1\">Goethe Business School, University of Frankfurt<\/span><\/h3>\n<div class=\"fusion-clearfix\"><\/div>\n\n\t\t\t\t\t<\/div>\n\t\t\t\t<\/div><div  class=\"fusion-layout-column fusion_builder_column fusion_builder_column_1_2  fusion-one-half fusion-column-last 1_2\"  style='margin-top:40px;margin-bottom:20px;width:50%;width:calc(50% - ( ( 4% ) * 0.5 ) );'>\n\t\t\t\t\t<div class=\"fusion-column-wrapper\" style=\"background-position:left top;background-repeat:no-repeat;-webkit-background-size:cover;-moz-background-size:cover;-o-background-size:cover;background-size:cover;\"  data-bg-url=\"\">\n\t\t\t\t\t\t<h3>Marco Ghitti<br \/>\n<span style=\"color: #4566b1\">University of Padua<\/span><\/h3>\n<h3>Laura Girella<br \/>\n<span style=\"color: #4566b1\">University\u00a0of Modena and Reggio Emilia<\/span><\/h3>\n<h3>Giulio Greco<br \/>\n<span style=\"color: #4566b1\">University of Pisa<\/span><\/h3>\n<h3>Alberto Incollingo<br \/>\n<span style=\"color: #4566b1\">University G. Carli &#8211; Luiss Rome<\/span><\/h3>\n<h3>Andrea Lionzo<br \/>\n<span style=\"color: #4566b1\">Universit\u00e0 Cattolica del Sacro Cuore, Milan<\/span><\/h3>\n<h3>Musa Mangena<br \/>\n<span style=\"color: #4566b1\">Nottingham Trent University<\/span><\/h3>\n<h3>Pietro Mazzola<br \/>\n<span style=\"color: #4566b1\">IULM Milan<\/span><\/h3>\n<h3>Giovanna Michelon<br \/>\n<span style=\"color: #4566b1\">University of Exeter<\/span><\/h3>\n<h3>Araceli Mora<br \/>\n<span style=\"color: #4566b1\">University of Valencia<\/span><\/h3>\n<h3>Nicola Moscariello<br \/>\n<span style=\"color: #4566b1\">University of Campania &#8220;Luigi Vanvitelli&#8221;<\/span><\/h3>\n<h3>Tiziano Onesti<br \/>\n<span style=\"color: #4566b1\">University of Rome Tre<\/span><\/h3>\n<h3>Riccardo Palumbo<br \/>\n<span style=\"color: #4566b1\">University G. D&#8217;Annunzio of Pescara<\/span><\/h3>\n<h3>Bernard Raffournier<br \/>\n<span style=\"color: #4566b1\">HEC Gen\u00e8ve &#8211; Universit\u00e9 de Gen\u00e8ve<\/span><\/h3>\n<h3>Antonio Ricciardi<br \/>\n<span style=\"color: #4566b1\">University of Calabria<\/span><\/h3>\n<h3>Giuseppe Sannino<br \/>\n<span style=\"color: #4566b1\">II University of Naples<\/span><\/h3>\n<h3>Massimo Sargiacomo<br \/>\n<span style=\"color: #4566b1\">University of Chieti-Pescara &#8220;G. D\u2019Annunzio&#8221;<\/span><\/h3>\n<h3>Richard Slack<br \/>\n<span style=\"color: #4566b1\">Durham University<\/span><\/h3>\n<h3>Ugo S\u00f2stero<br \/>\n<span style=\"color: #4566b1\">Ca&#8217; Foscari University of Venice<\/span><\/h3>\n<h3>Simone Terzani<br \/>\n<span style=\"color: #4566b1\">University of \u00a0Perugia<\/span><\/h3>\n<h3>Marco Trombetta<br \/>\n<span style=\"color: #4566b1\">IE Business School<\/span><\/h3>\n<h3>Carlo Vermiglio<br \/>\n<span style=\"color: #4566b1\">University of Messina<\/span><\/h3>\n<div class=\"fusion-clearfix\"><\/div>\n\n\t\t\t\t\t<\/div>\n\t\t\t\t<\/div><\/div><\/div><div  class=\"fusion-fullwidth fullwidth-box fusion-blend-mode nonhundred-percent-fullwidth\"  style='background-color: rgba(255,255,255,0);background-position: center center;background-repeat: no-repeat;padding-top:0px;padding-right:0px;padding-bottom:0px;padding-left:0px;margin-bottom: 40px;'><div class=\"fusion-builder-row fusion-row \"><div  class=\"fusion-layout-column fusion_builder_column fusion_builder_column_1_2  fusion-one-half fusion-column-first 1_2\"  style='margin-top:0px;margin-bottom:20px;width:50%;width:calc(50% - ( ( 4% ) * 0.5 ) );margin-right: 4%;'>\n\t\t\t\t\t<div class=\"fusion-column-wrapper\" style=\"background-position:left top;background-repeat:no-repeat;-webkit-background-size:cover;-moz-background-size:cover;-o-background-size:cover;background-size:cover;\"  data-bg-url=\"\">\n\t\t\t\t\t\t<div class=\"fusion-title title sep-underline sep-solid fusion-title-size-three editorial-title\" style=\"border-bottom-color:#e0dede;margin-top:0px;margin-bottom:2%;\"><h3 class=\"title-heading-left\">EDITORIAL OFFICE<\/h3><\/div><div class=\"fusion-clearfix\"><\/div>\n\n\t\t\t\t\t<\/div>\n\t\t\t\t<\/div><div  class=\"fusion-layout-column fusion_builder_column fusion_builder_column_1_2  fusion-one-half fusion-column-last 1_2\"  style='margin-top:70px;margin-bottom:20px;width:50%;width:calc(50% - ( ( 4% ) * 0.5 ) );'>\n\t\t\t\t\t<div class=\"fusion-column-wrapper\" style=\"background-position:left top;background-repeat:no-repeat;-webkit-background-size:cover;-moz-background-size:cover;-o-background-size:cover;background-size:cover;\"  data-bg-url=\"\">\n\t\t\t\t\t\t<div class=\"fusion-clearfix\"><\/div>\n\n\t\t\t\t\t<\/div>\n\t\t\t\t<\/div><\/div><\/div><div  class=\"fusion-fullwidth fullwidth-box fusion-blend-mode nonhundred-percent-fullwidth\"  style='background-color: rgba(255,255,255,0);background-position: center center;background-repeat: no-repeat;padding-top:0px;padding-right:0px;padding-bottom:0px;padding-left:0px;margin-bottom: 40px;'><div class=\"fusion-builder-row fusion-row \"><div  class=\"fusion-layout-column fusion_builder_column fusion_builder_column_1_2  fusion-one-half fusion-column-first 1_2\"  style='margin-top:0px;margin-bottom:20px;width:50%;width:calc(50% - ( ( 4% ) * 0.5 ) );margin-right: 4%;'>\n\t\t\t\t\t<div class=\"fusion-column-wrapper\" style=\"background-position:left top;background-repeat:no-repeat;-webkit-background-size:cover;-moz-background-size:cover;-o-background-size:cover;background-size:cover;\"  data-bg-url=\"\">\n\t\t\t\t\t\t<div class=\"fusion-title title sep-underline sep-solid fusion-title-size-three editorial-title\" style=\"border-bottom-color:#e0dede;margin-top:0px;margin-bottom:2%;\"><h3 class=\"title-heading-left\"><p>COORDINATORS FOR THE SECTION<br \/>\n<em>&#8220;DIALOGUE WITH STANDARD SETTERS&#8221;<\/em><\/p><\/h3><\/div><h3>Raffaele Fiume<br \/>\n<span style=\"color: #4566b1\">University Parthenope, Naples<\/span><\/h3>\n<div class=\"fusion-clearfix\"><\/div>\n\n\t\t\t\t\t<\/div>\n\t\t\t\t<\/div><div  class=\"fusion-layout-column fusion_builder_column fusion_builder_column_1_2  fusion-one-half fusion-column-last 1_2\"  style='margin-top:70px;margin-bottom:20px;width:50%;width:calc(50% - ( ( 4% ) * 0.5 ) );'>\n\t\t\t\t\t<div class=\"fusion-column-wrapper\" style=\"background-position:left top;background-repeat:no-repeat;-webkit-background-size:cover;-moz-background-size:cover;-o-background-size:cover;background-size:cover;\"  data-bg-url=\"\">\n\t\t\t\t\t\t<h3>Tiziano Onesti<br \/>\n<span style=\"color: #4566b1\">University of Rome III<\/span><\/h3>\n<div class=\"fusion-clearfix\"><\/div>\n\n\t\t\t\t\t<\/div>\n\t\t\t\t<\/div><\/div><\/div>\n","protected":false},"excerpt":{"rendered":"","protected":false},"author":1,"featured_media":0,"parent":0,"menu_order":0,"comment_status":"closed","ping_status":"closed","template":"","meta":{"_monsterinsights_skip_tracking":false,"_monsterinsights_sitenote_active":false,"_monsterinsights_sitenote_note":"","_monsterinsights_sitenote_category":0,"footnotes":""},"class_list":["post-1156","page","type-page","status-publish","hentry"],"yoast_head":"<!-- This site is optimized with the Yoast SEO plugin v27.3 - https:\/\/yoast.com\/product\/yoast-seo-wordpress\/ -->\n<title>Editorial Board | Financial Reporting Journal<\/title>\n<meta name=\"robots\" content=\"index, follow, max-snippet:-1, max-image-preview:large, max-video-preview:-1\" \/>\n<link rel=\"canonical\" href=\"https:\/\/frjournal.eu\/journal\/editorial-board\/\" \/>\n<meta property=\"og:locale\" content=\"en_GB\" \/>\n<meta property=\"og:type\" content=\"article\" \/>\n<meta property=\"og:title\" content=\"Editorial Board | Financial Reporting Journal\" \/>\n<meta property=\"og:url\" content=\"https:\/\/frjournal.eu\/journal\/editorial-board\/\" \/>\n<meta property=\"og:site_name\" content=\"Financial Reporting Journal\" \/>\n<meta property=\"article:modified_time\" content=\"2024-04-08T08:28:29+00:00\" \/>\n<meta name=\"twitter:card\" content=\"summary_large_image\" \/>\n<meta name=\"twitter:label1\" content=\"Estimated reading time\" \/>\n\t<meta name=\"twitter:data1\" content=\"5 minutes\" \/>\n<script type=\"application\/ld+json\" class=\"yoast-schema-graph\">{\"@context\":\"https:\\\/\\\/schema.org\",\"@graph\":[{\"@type\":\"WebPage\",\"@id\":\"https:\\\/\\\/frjournal.eu\\\/journal\\\/editorial-board\\\/\",\"url\":\"https:\\\/\\\/frjournal.eu\\\/journal\\\/editorial-board\\\/\",\"name\":\"Editorial Board | Financial Reporting Journal\",\"isPartOf\":{\"@id\":\"https:\\\/\\\/frjournal.eu\\\/journal\\\/#website\"},\"datePublished\":\"2017-08-04T11:29:00+00:00\",\"dateModified\":\"2024-04-08T08:28:29+00:00\",\"breadcrumb\":{\"@id\":\"https:\\\/\\\/frjournal.eu\\\/journal\\\/editorial-board\\\/#breadcrumb\"},\"inLanguage\":\"en-GB\",\"potentialAction\":[{\"@type\":\"ReadAction\",\"target\":[\"https:\\\/\\\/frjournal.eu\\\/journal\\\/editorial-board\\\/\"]}]},{\"@type\":\"BreadcrumbList\",\"@id\":\"https:\\\/\\\/frjournal.eu\\\/journal\\\/editorial-board\\\/#breadcrumb\",\"itemListElement\":[{\"@type\":\"ListItem\",\"position\":1,\"name\":\"Home\",\"item\":\"https:\\\/\\\/frjournal.eu\\\/journal\\\/\"},{\"@type\":\"ListItem\",\"position\":2,\"name\":\"Editorial Board\"}]},{\"@type\":\"WebSite\",\"@id\":\"https:\\\/\\\/frjournal.eu\\\/journal\\\/#website\",\"url\":\"https:\\\/\\\/frjournal.eu\\\/journal\\\/\",\"name\":\"Financial Reporting Journal\",\"description\":\"Half-yearly journal of Financial Communication\",\"publisher\":{\"@id\":\"https:\\\/\\\/frjournal.eu\\\/journal\\\/#organization\"},\"potentialAction\":[{\"@type\":\"SearchAction\",\"target\":{\"@type\":\"EntryPoint\",\"urlTemplate\":\"https:\\\/\\\/frjournal.eu\\\/journal\\\/?s={search_term_string}\"},\"query-input\":{\"@type\":\"PropertyValueSpecification\",\"valueRequired\":true,\"valueName\":\"search_term_string\"}}],\"inLanguage\":\"en-GB\"},{\"@type\":\"Organization\",\"@id\":\"https:\\\/\\\/frjournal.eu\\\/journal\\\/#organization\",\"name\":\"Financial Reporting Journal\",\"url\":\"https:\\\/\\\/frjournal.eu\\\/journal\\\/\",\"logo\":{\"@type\":\"ImageObject\",\"inLanguage\":\"en-GB\",\"@id\":\"https:\\\/\\\/frjournal.eu\\\/journal\\\/#\\\/schema\\\/logo\\\/image\\\/\",\"url\":\"https:\\\/\\\/frjournal.eu\\\/journal\\\/wp-content\\\/uploads\\\/sites\\\/3\\\/2017\\\/12\\\/logofr-b-e1513959052920.png\",\"contentUrl\":\"https:\\\/\\\/frjournal.eu\\\/journal\\\/wp-content\\\/uploads\\\/sites\\\/3\\\/2017\\\/12\\\/logofr-b-e1513959052920.png\",\"width\":166,\"height\":84,\"caption\":\"Financial Reporting Journal\"},\"image\":{\"@id\":\"https:\\\/\\\/frjournal.eu\\\/journal\\\/#\\\/schema\\\/logo\\\/image\\\/\"}}]}<\/script>\n<!-- \/ Yoast SEO plugin. -->","yoast_head_json":{"title":"Editorial Board | Financial Reporting Journal","robots":{"index":"index","follow":"follow","max-snippet":"max-snippet:-1","max-image-preview":"max-image-preview:large","max-video-preview":"max-video-preview:-1"},"canonical":"https:\/\/frjournal.eu\/journal\/editorial-board\/","og_locale":"en_GB","og_type":"article","og_title":"Editorial Board | Financial Reporting Journal","og_url":"https:\/\/frjournal.eu\/journal\/editorial-board\/","og_site_name":"Financial Reporting Journal","article_modified_time":"2024-04-08T08:28:29+00:00","twitter_card":"summary_large_image","twitter_misc":{"Estimated reading time":"5 minutes"},"schema":{"@context":"https:\/\/schema.org","@graph":[{"@type":"WebPage","@id":"https:\/\/frjournal.eu\/journal\/editorial-board\/","url":"https:\/\/frjournal.eu\/journal\/editorial-board\/","name":"Editorial Board | Financial Reporting Journal","isPartOf":{"@id":"https:\/\/frjournal.eu\/journal\/#website"},"datePublished":"2017-08-04T11:29:00+00:00","dateModified":"2024-04-08T08:28:29+00:00","breadcrumb":{"@id":"https:\/\/frjournal.eu\/journal\/editorial-board\/#breadcrumb"},"inLanguage":"en-GB","potentialAction":[{"@type":"ReadAction","target":["https:\/\/frjournal.eu\/journal\/editorial-board\/"]}]},{"@type":"BreadcrumbList","@id":"https:\/\/frjournal.eu\/journal\/editorial-board\/#breadcrumb","itemListElement":[{"@type":"ListItem","position":1,"name":"Home","item":"https:\/\/frjournal.eu\/journal\/"},{"@type":"ListItem","position":2,"name":"Editorial Board"}]},{"@type":"WebSite","@id":"https:\/\/frjournal.eu\/journal\/#website","url":"https:\/\/frjournal.eu\/journal\/","name":"Financial Reporting Journal","description":"Half-yearly journal of Financial Communication","publisher":{"@id":"https:\/\/frjournal.eu\/journal\/#organization"},"potentialAction":[{"@type":"SearchAction","target":{"@type":"EntryPoint","urlTemplate":"https:\/\/frjournal.eu\/journal\/?s={search_term_string}"},"query-input":{"@type":"PropertyValueSpecification","valueRequired":true,"valueName":"search_term_string"}}],"inLanguage":"en-GB"},{"@type":"Organization","@id":"https:\/\/frjournal.eu\/journal\/#organization","name":"Financial Reporting Journal","url":"https:\/\/frjournal.eu\/journal\/","logo":{"@type":"ImageObject","inLanguage":"en-GB","@id":"https:\/\/frjournal.eu\/journal\/#\/schema\/logo\/image\/","url":"https:\/\/frjournal.eu\/journal\/wp-content\/uploads\/sites\/3\/2017\/12\/logofr-b-e1513959052920.png","contentUrl":"https:\/\/frjournal.eu\/journal\/wp-content\/uploads\/sites\/3\/2017\/12\/logofr-b-e1513959052920.png","width":166,"height":84,"caption":"Financial Reporting Journal"},"image":{"@id":"https:\/\/frjournal.eu\/journal\/#\/schema\/logo\/image\/"}}]}},"_links":{"self":[{"href":"https:\/\/frjournal.eu\/journal\/wp-json\/wp\/v2\/pages\/1156","targetHints":{"allow":["GET"]}}],"collection":[{"href":"https:\/\/frjournal.eu\/journal\/wp-json\/wp\/v2\/pages"}],"about":[{"href":"https:\/\/frjournal.eu\/journal\/wp-json\/wp\/v2\/types\/page"}],"author":[{"embeddable":true,"href":"https:\/\/frjournal.eu\/journal\/wp-json\/wp\/v2\/users\/1"}],"replies":[{"embeddable":true,"href":"https:\/\/frjournal.eu\/journal\/wp-json\/wp\/v2\/comments?post=1156"}],"version-history":[{"count":9,"href":"https:\/\/frjournal.eu\/journal\/wp-json\/wp\/v2\/pages\/1156\/revisions"}],"predecessor-version":[{"id":7386,"href":"https:\/\/frjournal.eu\/journal\/wp-json\/wp\/v2\/pages\/1156\/revisions\/7386"}],"wp:attachment":[{"href":"https:\/\/frjournal.eu\/journal\/wp-json\/wp\/v2\/media?parent=1156"}],"curies":[{"name":"wp","href":"https:\/\/api.w.org\/{rel}","templated":true}]}}